{"id":502,"date":"2024-02-09T08:55:53","date_gmt":"2024-02-09T08:55:53","guid":{"rendered":"https:\/\/immediatebitxdr.org\/kontakta-oss\/"},"modified":"2024-05-15T12:13:49","modified_gmt":"2024-05-15T12:13:49","slug":"kontakta-oss","status":"publish","type":"page","link":"https:\/\/immediatebitxdr.org\/sv\/kontakta-oss\/","title":{"rendered":"Kontakta oss"},"content":{"rendered":"\n<div class=\"wp-block-columns is-layout-flex wp-container-core-columns-is-layout-9d6595d7 wp-block-columns-is-layout-flex\">\n<div class=\"wp-block-column is-layout-flow wp-block-column-is-layout-flow\">\n<h2 class=\"wp-block-heading\">Kontakta v\u00e5rt team<\/h2>\n\n\n\n<p>V\u00e5rt engagemang \u00e4r att se till att du f\u00e5r f\u00f6rstklassig service och assistans.<\/p>\n\n\n\r\n\r\n<div class=\"info_block\" id=\"info_block-block_44172dd706355d4707542adb43ab3f4b\">\r\n    <div style=\"text-align: center;\">\n<h3 style=\"text-align: left;\"><strong>Kontakta v\u00e5rt supportteam<\/strong><\/h3>\n<p style=\"text-align: left;\">Beh\u00f6ver du hj\u00e4lp? V\u00e5rt dedikerade supportteam \u00e4r h\u00e4r f\u00f6r att hj\u00e4lpa dig. Fyll i formul\u00e4ret nedan s\u00e5 \u00e5terkommer vi till dig s\u00e5 snart som m\u00f6jligt. F\u00f6r br\u00e5dskande \u00e4renden kan du ocks\u00e5 n\u00e5 oss direkt p\u00e5 support@azaliumbit.com. Vi \u00e4r fast beslutna att ge dig den hj\u00e4lp du beh\u00f6ver.<\/p>\n<\/div>\n<\/div>\r\n\r\n<style>\r\n.info_block {\r\n  position: relative;\r\n  display: block;\r\n  width: 100%;\r\n  margin: 40px auto;\r\n  padding: 13px 16px;\r\n  border-radius: 10px;\r\n  background: rgba(27,54,135,0.05);\r\n}\r\n.info_block h3 {\r\n  font-size: 1em;\r\n  color: #1b3687;\r\n  font-weight: 500;\r\n}\r\n<\/style><\/div>\n\n\n\n<div class=\"wp-block-column is-layout-flow wp-block-column-is-layout-flow\">\n<h2 class=\"wp-block-heading\">Kontakta oss<\/h2>\n\n\n\n<p>Kontakta oss idag &#8211; vi \u00e4r h\u00e4r f\u00f6r att hj\u00e4lpa dig att lyckas med Azaliumbit!<\/p>\n\n\n\n<p>E-post: support@azaliumbit.com<\/p>\n\n\n\n<div class=\"wpcf7 no-js\" id=\"wpcf7-f445-o1\" lang=\"en-US\" dir=\"ltr\">\n<div class=\"screen-reader-response\"><p role=\"status\" aria-live=\"polite\" aria-atomic=\"true\"><\/p> <ul><\/ul><\/div>\n<form action=\"\/sv\/wp-json\/wp\/v2\/pages\/502#wpcf7-f445-o1\" method=\"post\" class=\"wpcf7-form init\" aria-label=\"Contact form\" novalidate=\"novalidate\" data-status=\"init\">\n<div style=\"display: none;\">\n<input type=\"hidden\" name=\"_wpcf7\" value=\"445\" \/>\n<input type=\"hidden\" name=\"_wpcf7_version\" value=\"5.9.4\" \/>\n<input type=\"hidden\" name=\"_wpcf7_locale\" value=\"en_US\" \/>\n<input type=\"hidden\" name=\"_wpcf7_unit_tag\" value=\"wpcf7-f445-o1\" \/>\n<input type=\"hidden\" name=\"_wpcf7_container_post\" value=\"0\" \/>\n<input type=\"hidden\" name=\"_wpcf7_posted_data_hash\" value=\"\" \/>\n<\/div>\n<div class=\"cta_form\">\n\t<div class=\"row\">\n\t\t<div class=\"col-xxl-6 col-xl-6 col-lg-6 col-md-12 col-12\">\n\t\t\t<p><span class=\"wpcf7-form-control-wrap\" data-name=\"fname\"><input size=\"40\" class=\"wpcf7-form-control wpcf7-text wpcf7-validates-as-required\" aria-required=\"true\" aria-invalid=\"false\" placeholder=\"First Name\" value=\"\" type=\"text\" name=\"fname\" \/><\/span>\n\t\t\t<\/p>\n\t\t<\/div>\n\t\t<div class=\"col-xxl-6 col-xl-6 col-lg-6 col-md-12 col-12\">\n\t\t\t<p><span class=\"wpcf7-form-control-wrap\" data-name=\"lname\"><input size=\"40\" class=\"wpcf7-form-control wpcf7-text wpcf7-validates-as-required\" aria-required=\"true\" aria-invalid=\"false\" placeholder=\"Last Name\" value=\"\" type=\"text\" name=\"lname\" \/><\/span>\n\t\t\t<\/p>\n\t\t<\/div>\n\t<\/div>\n\t<div class=\"row\">\n\t\t<div class=\"col-xxl-6 col-xl-6 col-lg-6 col-md-12 col-12\">\n\t\t\t<p><span class=\"wpcf7-form-control-wrap\" data-name=\"email-36\"><input size=\"40\" class=\"wpcf7-form-control wpcf7-email wpcf7-validates-as-required wpcf7-text wpcf7-validates-as-email\" aria-required=\"true\" aria-invalid=\"false\" placeholder=\"E-mail\" value=\"\" type=\"email\" name=\"email-36\" \/><\/span>\n\t\t\t<\/p>\n\t\t<\/div>\n\t\t<div class=\"col-xxl-6 col-xl-6 col-lg-6 col-md-12 col-12\">\n\t\t\t<p><span class=\"wpcf7-form-control-wrap\" data-name=\"tel-246\"><input size=\"40\" class=\"wpcf7-form-control wpcf7-tel wpcf7-validates-as-required wpcf7-text wpcf7-validates-as-tel\" aria-required=\"true\" aria-invalid=\"false\" placeholder=\"Phone\" value=\"\" type=\"tel\" name=\"tel-246\" \/><\/span>\n\t\t\t<\/p>\n\t\t<\/div>\n\t<\/div>\n\t<div class=\"row\">\n\t\t<div class=\"col-12\">\n\t\t\t<p><input class=\"wpcf7-form-control wpcf7-submit has-spinner\" type=\"submit\" value=\"Send your contact details\" \/>\n\t\t\t<\/p>\n\t\t<\/div>\n\t<\/div>\n\t<div class=\"footer_form\">\n\t\t<p>By creating an account, you are agreeing to our <a href=\"#\">Terms of Use<\/a> and <a href=\"#\">Privacy Policy<\/a>\n\t\t<\/p>\n\t<\/div>\n<\/div><div class=\"wpcf7-response-output\" aria-hidden=\"true\"><\/div>\n<\/form>\n<\/div>\n\n<\/div>\n<\/div>\n\n<p><\/p>\n","protected":false},"excerpt":{"rendered":"<p>Kontakta v\u00e5rt team V\u00e5rt engagemang \u00e4r att se till att du f\u00e5r f\u00f6rstklassig service och assistans. Kontakta oss Kontakta oss idag &#8211; vi \u00e4r h\u00e4r f\u00f6r att hj\u00e4lpa dig att lyckas med Azaliumbit! E-post: support@azaliumbit.com<\/p>\n","protected":false},"author":1,"featured_media":0,"parent":0,"menu_order":0,"comment_status":"closed","ping_status":"closed","template":"","meta":{"_acf_changed":false,"inline_featured_image":false,"_monsterinsights_skip_tracking":false,"_monsterinsights_sitenote_active":false,"_monsterinsights_sitenote_note":"","_monsterinsights_sitenote_category":0,"footnotes":""},"class_list":["post-502","page","type-page","status-publish","hentry"],"acf":[],"aioseo_notices":[],"_links":{"self":[{"href":"https:\/\/immediatebitxdr.org\/sv\/wp-json\/wp\/v2\/pages\/502","targetHints":{"allow":["GET"]}}],"collection":[{"href":"https:\/\/immediatebitxdr.org\/sv\/wp-json\/wp\/v2\/pages"}],"about":[{"href":"https:\/\/immediatebitxdr.org\/sv\/wp-json\/wp\/v2\/types\/page"}],"author":[{"embeddable":true,"href":"https:\/\/immediatebitxdr.org\/sv\/wp-json\/wp\/v2\/users\/1"}],"replies":[{"embeddable":true,"href":"https:\/\/immediatebitxdr.org\/sv\/wp-json\/wp\/v2\/comments?post=502"}],"version-history":[{"count":0,"href":"https:\/\/immediatebitxdr.org\/sv\/wp-json\/wp\/v2\/pages\/502\/revisions"}],"wp:attachment":[{"href":"https:\/\/immediatebitxdr.org\/sv\/wp-json\/wp\/v2\/media?parent=502"}],"curies":[{"name":"wp","href":"https:\/\/api.w.org\/{rel}","templated":true}]}}